{"id":431,"date":"2015-02-22T19:55:57","date_gmt":"2015-02-22T18:55:57","guid":{"rendered":"http:\/\/wp\/enfold-medium-business\/?page_id=11"},"modified":"2022-08-03T10:26:05","modified_gmt":"2022-08-03T08:26:05","slug":"chi-siamo","status":"publish","type":"page","link":"https:\/\/www.integrityview.com\/it\/chi-siamo\/","title":{"rendered":"Chi Siamo"},"content":{"rendered":"\n<style type=\"text\/css\" data-created_by=\"avia_inline_auto\" id=\"style-css-av-3ec8sv-a8a536aba3d454cde2f57cea17257d65\">\n.avia-section.av-3ec8sv-a8a536aba3d454cde2f57cea17257d65{\nbackground-repeat:no-repeat;\nbackground-image:url(https:\/\/www.integrityview.com\/wp-content\/uploads\/2015\/02\/chi-siamo-main-image-1.jpg);\nbackground-position:0% 0%;\nbackground-attachment:scroll;\n}\n.avia-section.av-3ec8sv-a8a536aba3d454cde2f57cea17257d65 .av-section-color-overlay{\nopacity:0.7;\nbackground-color:#202b33;\n}\n<\/style>\n<div id='av_section_1'  class='avia-section av-3ec8sv-a8a536aba3d454cde2f57cea17257d65 main_color avia-section-default avia-no-border-styling  avia-builder-el-0  el_before_av_section  avia-builder-el-first  avia-full-stretch avia-bg-style-scroll av-section-color-overlay-active av-minimum-height av-minimum-height-100 av-height-100  container_wrap sidebar_right'  data-section-bg-repeat='stretch' data-av_minimum_height_pc='100' data-av_min_height_opt='100'><div class=\"av-section-color-overlay-wrap\"><div class=\"av-section-color-overlay\"><\/div><a href='#next-section' title='' class='scroll-down-link  avia-svg-icon avia-font-svg_entypo-fontello' data-av_svg_icon='down-open-mini' data-av_iconset='svg_entypo-fontello'><svg version=\"1.1\" xmlns=\"http:\/\/www.w3.org\/2000\/svg\" width=\"15\" height=\"32\" viewBox=\"0 0 15 32\" preserveAspectRatio=\"xMidYMid meet\" aria-labelledby='av-svg-title-1' aria-describedby='av-svg-desc-1' role=\"graphics-symbol\" aria-hidden=\"true\">\n<title id='av-svg-title-1'>Scorrere alla sezione successiva<\/title>\n<desc id='av-svg-desc-1'>Scorrere alla sezione successiva<\/desc>\n<path d=\"M12.96 12.16q0.704-0.832 1.536 0 0.832 0.704 0 1.536l-6.272 6.144q-0.704 0.704-1.536 0l-6.272-6.144q-0.832-0.832 0-1.536 0.768-0.768 1.6 0l5.44 4.992z\"><\/path>\n<\/svg><\/a><div class='container av-section-cont-open' ><main  role=\"main\" itemprop=\"mainContentOfPage\"  class='template-page content  av-content-small alpha units'><div class='post-entry post-entry-type-page post-entry-431'><div class='entry-content-wrapper clearfix'>\n<div  class='flex_column av-3ap7zb-81642ee5f26fa9e2296299002055f55e av_three_fifth  avia-builder-el-1  avia-builder-el-no-sibling  first flex_column_div  '     ><p>\n<style type=\"text\/css\" data-created_by=\"avia_inline_auto\" id=\"style-css-av-34rsc7-cb366ee06a4b67c8ca7fad1abe26569d\">\n#top .hr.hr-invisible.av-34rsc7-cb366ee06a4b67c8ca7fad1abe26569d{\nheight:50px;\n}\n<\/style>\n<div  class='hr av-34rsc7-cb366ee06a4b67c8ca7fad1abe26569d hr-invisible  avia-builder-el-2  el_before_av_headline_rotator  avia-builder-el-first '><span class='hr-inner '><span class=\"hr-inner-style\"><\/span><\/span><\/div><br \/>\n\n<style type=\"text\/css\" data-created_by=\"avia_inline_auto\" id=\"style-css-av-2twqen-f1b8fc03448c7c0ab63b402c506cddc4\">\n#top .av-rotator-container.av-2twqen-f1b8fc03448c7c0ab63b402c506cddc4{\ntext-align:left;\n}\n<\/style>\n\n<style type=\"text\/css\" data-created_by=\"avia_inline_auto\" id=\"style-css-sub-av-2twqen-f1b8fc03448c7c0ab63b402c506cddc4\">\n#top .av-rotator-container .av-rotator-text-single.av-2oo4a7-9c6182fbad0d2f81ba802a00b4f1eac5{\ncolor:#ffa437;\n}\n#top .av-rotator-container .av-rotator-text-single.av-2i48rr-1198c56bd2d83e5f264569d8288c2bdf{\ncolor:#ffa437;\n}\n#top .av-rotator-container .av-rotator-text-single.av-2edut3-6098084600e699c7bc0b1eda008e2e83{\ncolor:#ffa437;\n}\n<\/style>\n<div  class='av-rotator-container av-rotation-container-left av-2twqen-f1b8fc03448c7c0ab63b402c506cddc4  avia-builder-el-3  el_after_av_hr  avia-builder-el-last ' data-interval='3' data-animation='1'><h4 class='av-rotator-container-inner'>La nostra mission \u00e8 quella di consentire alle imprese e ai privati la valutazione di comportamenti rischiosi, devianti e potenzialmente inaffidabili attraverso sistemi<span class='av-rotator-text av-rotator-multiline-on'>\n<span class='av-rotator-text-single av-2oo4a7-9c6182fbad0d2f81ba802a00b4f1eac5 av-rotator-text-single-1' >semplici<\/span>\n<span class='av-rotator-text-single av-2i48rr-1198c56bd2d83e5f264569d8288c2bdf av-rotator-text-single-2' >accessibili<\/span>\n<span class='av-rotator-text-single av-2edut3-6098084600e699c7bc0b1eda008e2e83 av-rotator-text-single-3' >scientificamente consolidati<\/span>\n<\/span><\/h4><\/div><\/p><\/div>\n\n<\/div><\/div><\/main><!-- close content main element --><\/div><\/div><\/div><div id='av_section_2'  class='avia-section av-28th2n-150f843227431b473212f6d41396d689 main_color avia-section-huge avia-no-border-styling  avia-builder-el-4  el_after_av_section  el_before_av_section  avia-bg-style-scroll container_wrap sidebar_right'  ><div class='container av-section-cont-open' ><div class='template-page content  av-content-small alpha units'><div class='post-entry post-entry-type-page post-entry-431'><div class='entry-content-wrapper clearfix'>\n<div  class='flex_column av-236fnr-8280deb0c515a8f93ba0b9f867f79f43 av_one_full  avia-builder-el-5  el_before_av_one_full  avia-builder-el-first  first flex_column_div  '     ><style type=\"text\/css\" data-created_by=\"avia_inline_auto\" id=\"style-css-av-8bevr-78b192bd2163a4c699edbda5d303dae9\">\n#top .av-special-heading.av-8bevr-78b192bd2163a4c699edbda5d303dae9{\npadding-bottom:10px;\ncolor:#2d628c;\n}\nbody .av-special-heading.av-8bevr-78b192bd2163a4c699edbda5d303dae9 .av-special-heading-tag .heading-char{\nfont-size:25px;\n}\n.av-special-heading.av-8bevr-78b192bd2163a4c699edbda5d303dae9 .special-heading-inner-border{\nborder-color:#2d628c;\n}\n.av-special-heading.av-8bevr-78b192bd2163a4c699edbda5d303dae9 .av-subheading{\nfont-size:15px;\n}\n<\/style>\n<div  class='av-special-heading av-8bevr-78b192bd2163a4c699edbda5d303dae9 av-special-heading-h5 custom-color-heading blockquote modern-quote modern-centered  avia-builder-el-6  avia-builder-el-no-sibling '><h5 class='av-special-heading-tag '  itemprop=\"headline\"  >IntegrityView\u00ae \u00e8 un servizio offerto dal Centro Universitario Internazionale sotto la guida del Prof. Giuseppe Sartori, Ordinario di Neuroscienze cognitive all\u2019Universit\u00e0 di Padova<\/h5><div class=\"special-heading-border\"><div class=\"special-heading-inner-border\"><\/div><\/div><\/div><\/div><div  class='flex_column av-1qg9tz-629bc92f88951722b34776acc983f279 av_one_full  avia-builder-el-7  el_after_av_one_full  el_before_av_one_fourth  first flex_column_div  column-top-margin'     ><section  class='av_textblock_section av-1ma2fb-281111038e9b8f73f802587c87b91db4 '   itemscope=\"itemscope\" itemtype=\"https:\/\/schema.org\/CreativeWork\" ><div class='avia_textblock'  itemprop=\"text\" ><p style=\"text-align: center;\">Grazie alla collaborazione tra <a href=\"https:\/\/www.webratio.com\/site\/content\/it\/low-code\" target=\"_blank\" rel=\"noopener\">WebRatio<\/a> e il <a href=\"https:\/\/www.cui.org\/\" target=\"_blank\" rel=\"noopener\">Centro Universitario Internazionale<\/a> il servizio \u00e8 reso disponibile in modalit\u00e0 SaaS per essere impiegato da imprese e privati in moltissime attivit\u00e0: dalla prevenzione delle frodi alle indagini sulla fedelt\u00e0 coniugale, dall\u2019uso di sostanze dopanti nel mondo sportivo fino all\u2019abuso di alcol e di stupefacenti in ambito lavorativo, dall\u2019affidabilit\u00e0 economica ai tentativi di truffa, dal mobbing dichiarato a quello effettivo, e molto altro ancora.<\/p>\n<\/div><\/section><\/div>\n<style type=\"text\/css\" data-created_by=\"avia_inline_auto\" id=\"style-css-av-1fg3hj-de207702d4c2ad4d8bd241fc5c9ea4cb\">\n.flex_column.av-1fg3hj-de207702d4c2ad4d8bd241fc5c9ea4cb{\nborder-radius:0px 0px 0px 0px;\npadding:0px 0px 0px 0px;\n}\n<\/style>\n<div  class='flex_column av-1fg3hj-de207702d4c2ad4d8bd241fc5c9ea4cb av_one_fourth  avia-builder-el-9  el_after_av_one_full  el_before_av_one_fourth  first flex_column_div av-zero-column-padding  column-top-margin'     ><\/div>\n<style type=\"text\/css\" data-created_by=\"avia_inline_auto\" id=\"style-css-av-1fg3hj-b9c9ebcd1bd6a90aedc7aa6c74ff7254\">\n.flex_column.av-1fg3hj-b9c9ebcd1bd6a90aedc7aa6c74ff7254{\nborder-radius:0px 0px 0px 0px;\npadding:0px 0px 0px 0px;\n}\n<\/style>\n<div  class='flex_column av-1fg3hj-b9c9ebcd1bd6a90aedc7aa6c74ff7254 av_one_fourth  avia-builder-el-10  el_after_av_one_fourth  el_before_av_one_fourth  flex_column_div av-zero-column-padding  column-top-margin'     ><style type=\"text\/css\" data-created_by=\"avia_inline_auto\" id=\"style-css-av-194zk7-22a572176015876496756fbb3702b47c\">\n.avia-image-container.av-194zk7-22a572176015876496756fbb3702b47c img.avia_image{\nbox-shadow:none;\n}\n.avia-image-container.av-194zk7-22a572176015876496756fbb3702b47c .av-image-caption-overlay-center{\ncolor:#ffffff;\n}\n<\/style>\n<div  class='avia-image-container av-194zk7-22a572176015876496756fbb3702b47c av-styling- av-img-linked avia-align-center  avia-builder-el-11  avia-builder-el-no-sibling '   itemprop=\"image\" itemscope=\"itemscope\" itemtype=\"https:\/\/schema.org\/ImageObject\" ><div class=\"avia-image-container-inner\"><div class=\"avia-image-overlay-wrap\"><a href=\"https:\/\/www.webratio.com\/site\/content\/it\/home\" class='avia_image '  target=\"_blank\"  rel=\"noopener noreferrer\" aria-label='logo_webratio'><img decoding=\"async\" fetchpriority=\"high\" class='wp-image-646 avia-img-lazy-loading-not-646 avia_image ' src=\"https:\/\/www.integrityview.com\/wp-content\/uploads\/2015\/02\/logo_webratio-1.png\" alt='' title='logo_webratio'  height=\"181\" width=\"333\"  itemprop=\"thumbnailUrl\"  \/><\/a><\/div><\/div><\/div><\/div>\n<style type=\"text\/css\" data-created_by=\"avia_inline_auto\" id=\"style-css-av-1fg3hj-b9c9ebcd1bd6a90aedc7aa6c74ff7254\">\n.flex_column.av-1fg3hj-b9c9ebcd1bd6a90aedc7aa6c74ff7254{\nborder-radius:0px 0px 0px 0px;\npadding:0px 0px 0px 0px;\n}\n<\/style>\n<div  class='flex_column av-1fg3hj-b9c9ebcd1bd6a90aedc7aa6c74ff7254 av_one_fourth  avia-builder-el-12  el_after_av_one_fourth  el_before_av_one_fourth  flex_column_div av-zero-column-padding  column-top-margin'     ><style type=\"text\/css\" data-created_by=\"avia_inline_auto\" id=\"style-css-av-194zk7-7bfee63de2dd8ad66e930dafa195d3f7\">\n.avia-image-container.av-194zk7-7bfee63de2dd8ad66e930dafa195d3f7 img.avia_image{\nbox-shadow:none;\n}\n.avia-image-container.av-194zk7-7bfee63de2dd8ad66e930dafa195d3f7 .av-image-caption-overlay-center{\ncolor:#ffffff;\n}\n<\/style>\n<div  class='avia-image-container av-194zk7-7bfee63de2dd8ad66e930dafa195d3f7 av-styling- av-img-linked avia-align-center  avia-builder-el-13  avia-builder-el-no-sibling '   itemprop=\"image\" itemscope=\"itemscope\" itemtype=\"https:\/\/schema.org\/ImageObject\" ><div class=\"avia-image-container-inner\"><div class=\"avia-image-overlay-wrap\"><a href=\"https:\/\/www.cui.org\/\" class='avia_image '  target=\"_blank\"  rel=\"noopener noreferrer\" aria-label='logo_cui'><img decoding=\"async\" fetchpriority=\"high\" class='wp-image-730 avia-img-lazy-loading-not-730 avia_image ' src=\"https:\/\/www.integrityview.com\/wp-content\/uploads\/2015\/02\/logo_cui.png\" alt='' title='logo_cui'  height=\"181\" width=\"333\"  itemprop=\"thumbnailUrl\"  \/><\/a><\/div><\/div><\/div><\/div>\n<style type=\"text\/css\" data-created_by=\"avia_inline_auto\" id=\"style-css-av-1fg3hj-b9c9ebcd1bd6a90aedc7aa6c74ff7254\">\n.flex_column.av-1fg3hj-b9c9ebcd1bd6a90aedc7aa6c74ff7254{\nborder-radius:0px 0px 0px 0px;\npadding:0px 0px 0px 0px;\n}\n<\/style>\n<div  class='flex_column av-1fg3hj-b9c9ebcd1bd6a90aedc7aa6c74ff7254 av_one_fourth  avia-builder-el-14  el_after_av_one_fourth  avia-builder-el-last  flex_column_div av-zero-column-padding  column-top-margin'     ><\/div><\/div><\/div><\/div><!-- close content main div --><\/div><\/div>\n<style type=\"text\/css\" data-created_by=\"avia_inline_auto\" id=\"style-css-av-11vlu7-c1741e6186fba9c057c04abcb60e1fc0\">\n.avia-section.av-11vlu7-c1741e6186fba9c057c04abcb60e1fc0 .av-parallax .av-parallax-inner{\nbackground-repeat:no-repeat;\nbackground-image:url(https:\/\/www.integrityview.com\/wp-content\/uploads\/2015\/02\/desat-laptop.jpg);\nbackground-position:50% 50%;\nbackground-attachment:scroll;\n}\n.avia-section.av-11vlu7-c1741e6186fba9c057c04abcb60e1fc0 .av-section-color-overlay{\nopacity:0.7;\nbackground-color:#000000;\n}\n<\/style>\n<div id='av_section_3'  class='avia-section av-11vlu7-c1741e6186fba9c057c04abcb60e1fc0 main_color avia-section-large avia-no-border-styling  avia-builder-el-15  el_after_av_section  avia-builder-el-last  avia-full-stretch av-parallax-section avia-bg-style-parallax av-section-color-overlay-active av-minimum-height av-minimum-height-50 av-height-50  container_wrap sidebar_right'  data-section-bg-repeat='stretch' data-av_minimum_height_pc='50' data-av_min_height_opt='50'><div class='av-parallax' data-avia-parallax-ratio='0.3' ><div class='av-parallax-inner main_color avia-full-stretch'><\/div><\/div><div class=\"av-section-color-overlay-wrap\"><div class=\"av-section-color-overlay\"><\/div><div class='container av-section-cont-open' ><div class='template-page content  av-content-small alpha units'><div class='post-entry post-entry-type-page post-entry-431'><div class='entry-content-wrapper clearfix'>\n\n<style type=\"text\/css\" data-created_by=\"avia_inline_auto\" id=\"style-css-av-xza53-550212e7a8dc519c9228c3967b4302d4\">\n#top .hr.hr-invisible.av-xza53-550212e7a8dc519c9228c3967b4302d4{\nheight:40px;\n}\n<\/style>\n<div  class='hr av-xza53-550212e7a8dc519c9228c3967b4302d4 hr-invisible  avia-builder-el-16  el_before_av_one_full  avia-builder-el-first '><span class='hr-inner '><span class=\"hr-inner-style\"><\/span><\/span><\/div>\n\n<style type=\"text\/css\" data-created_by=\"avia_inline_auto\" id=\"style-css-av-qpwf3-3d29e3cba3cc1090d9fc28633157ed39\">\n.flex_column.av-qpwf3-3d29e3cba3cc1090d9fc28633157ed39{\nborder-radius:0px 0px 0px 0px;\npadding:0px 0px 0px 0px;\n}\n<\/style>\n<div  class='flex_column av-qpwf3-3d29e3cba3cc1090d9fc28633157ed39 av_one_full  avia-builder-el-17  el_after_av_hr  el_before_av_hr  first flex_column_div av-zero-column-padding  '     ><style type=\"text\/css\" data-created_by=\"avia_inline_auto\" id=\"style-css-av-mx5kv-b6de1d981bfb2c4b4c1f979b595fb0a9\">\n#top .av-special-heading.av-mx5kv-b6de1d981bfb2c4b4c1f979b595fb0a9{\npadding-bottom:10px;\ncolor:#ffffff;\n}\nbody .av-special-heading.av-mx5kv-b6de1d981bfb2c4b4c1f979b595fb0a9 .av-special-heading-tag .heading-char{\nfont-size:25px;\n}\n.av-special-heading.av-mx5kv-b6de1d981bfb2c4b4c1f979b595fb0a9 .special-heading-inner-border{\nborder-color:#ffffff;\n}\n.av-special-heading.av-mx5kv-b6de1d981bfb2c4b4c1f979b595fb0a9 .av-subheading{\nfont-size:15px;\n}\n<\/style>\n<div  class='av-special-heading av-mx5kv-b6de1d981bfb2c4b4c1f979b595fb0a9 av-special-heading-h2 custom-color-heading blockquote modern-quote modern-centered  avia-builder-el-18  avia-builder-el-no-sibling '><h2 class='av-special-heading-tag '  itemprop=\"headline\"  >Sei interessato alla nostra soluzione? Contattaci subito per avere maggiori informazioni<\/h2><div class=\"special-heading-border\"><div class=\"special-heading-inner-border\"><\/div><\/div><\/div><\/div>\n<style type=\"text\/css\" data-created_by=\"avia_inline_auto\" id=\"style-css-av-g3vbz-03b77bff4f842983a0b7e145fa31c0fc\">\n#top .hr.hr-invisible.av-g3vbz-03b77bff4f842983a0b7e145fa31c0fc{\nheight:40px;\n}\n<\/style>\n<div  class='hr av-g3vbz-03b77bff4f842983a0b7e145fa31c0fc hr-invisible  avia-builder-el-19  el_after_av_one_full  el_before_av_button '><span class='hr-inner '><span class=\"hr-inner-style\"><\/span><\/span><\/div>\n<div  class='avia-button-wrap av-9ovqv-3d407dc4beb23da700899efe086ba84d-wrap avia-button-center  avia-builder-el-20  el_after_av_hr  avia-builder-el-last '><a href='https:\/\/www.integrityview.com\/it\/contattaci\/'  class='avia-button av-9ovqv-3d407dc4beb23da700899efe086ba84d av-link-btn avia-icon_select-yes-left-icon avia-size-x-large avia-position-center av-icon-on-hover avia-color-theme-color'   aria-label=\"ENTRA IN CONTATTO CON NOI\"><span class='avia_button_icon avia_button_icon_left avia-iconfont avia-font-entypo-fontello' data-av_icon='\ue805' data-av_iconfont='entypo-fontello' ><\/span><span class='avia_iconbox_title' >ENTRA IN CONTATTO CON NOI<\/span><\/a><\/div>\n<\/div><\/div><\/div><!-- close content main div --><\/div><\/div><\/div><div id='after_section_3'  class='main_color av_default_container_wrap container_wrap sidebar_right'  ><div class='container av-section-cont-open' ><div class='template-page content  av-content-small alpha units'><div class='post-entry post-entry-type-page post-entry-431'><div class='entry-content-wrapper clearfix'><\/p>\n","protected":false},"excerpt":{"rendered":"","protected":false},"author":1,"featured_media":0,"parent":0,"menu_order":0,"comment_status":"closed","ping_status":"closed","template":"","meta":{"footnotes":""},"class_list":["post-431","page","type-page","status-publish","hentry"],"yoast_head":"<!-- This site is optimized with the Yoast SEO plugin v27.4 - https:\/\/yoast.com\/product\/yoast-seo-wordpress\/ -->\n<title>Chi Siamo - IntegrityView<\/title>\n<meta name=\"robots\" content=\"index, follow, max-snippet:-1, max-image-preview:large, max-video-preview:-1\" \/>\n<link rel=\"canonical\" href=\"https:\/\/www.integrityview.com\/it\/chi-siamo\/\" \/>\n<meta property=\"og:locale\" content=\"it_IT\" \/>\n<meta property=\"og:type\" content=\"article\" \/>\n<meta property=\"og:title\" content=\"Chi Siamo - IntegrityView\" \/>\n<meta property=\"og:url\" content=\"https:\/\/www.integrityview.com\/it\/chi-siamo\/\" \/>\n<meta property=\"og:site_name\" content=\"IntegrityView\" \/>\n<meta property=\"article:modified_time\" content=\"2022-08-03T08:26:05+00:00\" \/>\n<meta name=\"twitter:card\" content=\"summary_large_image\" \/>\n<meta name=\"twitter:label1\" content=\"Tempo di lettura stimato\" \/>\n\t<meta name=\"twitter:data1\" content=\"6 minuti\" \/>\n<script type=\"application\/ld+json\" class=\"yoast-schema-graph\">{\"@context\":\"https:\\\/\\\/schema.org\",\"@graph\":[{\"@type\":\"WebPage\",\"@id\":\"https:\\\/\\\/www.integrityview.com\\\/it\\\/chi-siamo\\\/\",\"url\":\"https:\\\/\\\/www.integrityview.com\\\/it\\\/chi-siamo\\\/\",\"name\":\"Chi Siamo - IntegrityView\",\"isPartOf\":{\"@id\":\"https:\\\/\\\/www.integrityview.com\\\/it\\\/#website\"},\"datePublished\":\"2015-02-22T18:55:57+00:00\",\"dateModified\":\"2022-08-03T08:26:05+00:00\",\"breadcrumb\":{\"@id\":\"https:\\\/\\\/www.integrityview.com\\\/it\\\/chi-siamo\\\/#breadcrumb\"},\"inLanguage\":\"it-IT\",\"potentialAction\":[{\"@type\":\"ReadAction\",\"target\":[\"https:\\\/\\\/www.integrityview.com\\\/it\\\/chi-siamo\\\/\"]}]},{\"@type\":\"BreadcrumbList\",\"@id\":\"https:\\\/\\\/www.integrityview.com\\\/it\\\/chi-siamo\\\/#breadcrumb\",\"itemListElement\":[{\"@type\":\"ListItem\",\"position\":1,\"name\":\"Home\",\"item\":\"https:\\\/\\\/www.integrityview.com\\\/it\\\/\"},{\"@type\":\"ListItem\",\"position\":2,\"name\":\"Chi Siamo\"}]},{\"@type\":\"WebSite\",\"@id\":\"https:\\\/\\\/www.integrityview.com\\\/it\\\/#website\",\"url\":\"https:\\\/\\\/www.integrityview.com\\\/it\\\/\",\"name\":\"IntegrityView\",\"description\":\"Valutiamo le vere intenzioni\",\"potentialAction\":[{\"@type\":\"SearchAction\",\"target\":{\"@type\":\"EntryPoint\",\"urlTemplate\":\"https:\\\/\\\/www.integrityview.com\\\/it\\\/?s={search_term_string}\"},\"query-input\":{\"@type\":\"PropertyValueSpecification\",\"valueRequired\":true,\"valueName\":\"search_term_string\"}}],\"inLanguage\":\"it-IT\"}]}<\/script>\n<!-- \/ Yoast SEO plugin. -->","yoast_head_json":{"title":"Chi Siamo - IntegrityView","robots":{"index":"index","follow":"follow","max-snippet":"max-snippet:-1","max-image-preview":"max-image-preview:large","max-video-preview":"max-video-preview:-1"},"canonical":"https:\/\/www.integrityview.com\/it\/chi-siamo\/","og_locale":"it_IT","og_type":"article","og_title":"Chi Siamo - IntegrityView","og_url":"https:\/\/www.integrityview.com\/it\/chi-siamo\/","og_site_name":"IntegrityView","article_modified_time":"2022-08-03T08:26:05+00:00","twitter_card":"summary_large_image","twitter_misc":{"Tempo di lettura stimato":"6 minuti"},"schema":{"@context":"https:\/\/schema.org","@graph":[{"@type":"WebPage","@id":"https:\/\/www.integrityview.com\/it\/chi-siamo\/","url":"https:\/\/www.integrityview.com\/it\/chi-siamo\/","name":"Chi Siamo - IntegrityView","isPartOf":{"@id":"https:\/\/www.integrityview.com\/it\/#website"},"datePublished":"2015-02-22T18:55:57+00:00","dateModified":"2022-08-03T08:26:05+00:00","breadcrumb":{"@id":"https:\/\/www.integrityview.com\/it\/chi-siamo\/#breadcrumb"},"inLanguage":"it-IT","potentialAction":[{"@type":"ReadAction","target":["https:\/\/www.integrityview.com\/it\/chi-siamo\/"]}]},{"@type":"BreadcrumbList","@id":"https:\/\/www.integrityview.com\/it\/chi-siamo\/#breadcrumb","itemListElement":[{"@type":"ListItem","position":1,"name":"Home","item":"https:\/\/www.integrityview.com\/it\/"},{"@type":"ListItem","position":2,"name":"Chi Siamo"}]},{"@type":"WebSite","@id":"https:\/\/www.integrityview.com\/it\/#website","url":"https:\/\/www.integrityview.com\/it\/","name":"IntegrityView","description":"Valutiamo le vere intenzioni","potentialAction":[{"@type":"SearchAction","target":{"@type":"EntryPoint","urlTemplate":"https:\/\/www.integrityview.com\/it\/?s={search_term_string}"},"query-input":{"@type":"PropertyValueSpecification","valueRequired":true,"valueName":"search_term_string"}}],"inLanguage":"it-IT"}]}},"_links":{"self":[{"href":"https:\/\/www.integrityview.com\/it\/wp-json\/wp\/v2\/pages\/431","targetHints":{"allow":["GET"]}}],"collection":[{"href":"https:\/\/www.integrityview.com\/it\/wp-json\/wp\/v2\/pages"}],"about":[{"href":"https:\/\/www.integrityview.com\/it\/wp-json\/wp\/v2\/types\/page"}],"author":[{"embeddable":true,"href":"https:\/\/www.integrityview.com\/it\/wp-json\/wp\/v2\/users\/1"}],"replies":[{"embeddable":true,"href":"https:\/\/www.integrityview.com\/it\/wp-json\/wp\/v2\/comments?post=431"}],"version-history":[{"count":37,"href":"https:\/\/www.integrityview.com\/it\/wp-json\/wp\/v2\/pages\/431\/revisions"}],"predecessor-version":[{"id":1457,"href":"https:\/\/www.integrityview.com\/it\/wp-json\/wp\/v2\/pages\/431\/revisions\/1457"}],"wp:attachment":[{"href":"https:\/\/www.integrityview.com\/it\/wp-json\/wp\/v2\/media?parent=431"}],"curies":[{"name":"wp","href":"https:\/\/api.w.org\/{rel}","templated":true}]}}